{"id":17,"date":"2019-05-04T15:42:33","date_gmt":"2019-05-04T15:42:33","guid":{"rendered":"https:\/\/ziffy-zahlenzauberer.de\/?page_id=17"},"modified":"2020-03-06T20:06:54","modified_gmt":"2020-03-06T20:06:54","slug":"angebote","status":"publish","type":"page","link":"https:\/\/ziffy-zahlenzauberer.de\/?page_id=17","title":{"rendered":"Angebote"},"content":{"rendered":"\n<h2 class=\"wp-block-heading\">Kindervorlesungen<br><\/h2>\n\n\n\n<p class=\"has-medium-font-size\"><\/p>\n\n\n\n<p class=\"has-medium-font-size\">Wir m\u00f6chten auf die beiden Kindervorlesungen aufmerksam machen, die Prof. Dr. Harald Bauer und Prof. Dr. Annegret Weng 2017 und 2018 an der Hochschule f\u00fcr Technik und anschlie\u00dfende auch im Rahmen der Kinderuni in Heilbronn gehalten haben. Bei Interesse k\u00f6nnen wir die Vorlesung auch bei Ihnen anbieten. Beide Vorlesungen richten sich an ein Publikum im Alter von 9 bis 13 Jahren. Bei Interesse einfach eine Mail an  <br><a href=\"mailto:info@ziffy-zahlenzauberer.de\">info@ziffy-zahlenzauberer.de.<\/a> <\/p>\n\n\n\n<p class=\"has-medium-font-size\">Mathematik: Sch\u00f6nheit und Magie, Ostervorlesung 2017<\/p>\n\n\n\n<p><a href=\"https:\/\/www.youtube.com\/watch?v=b-bVx8rQJpk\">Youtube-Video<\/a><\/p>\n\n\n\n<p class=\"has-medium-font-size\">Von verr\u00fcckten W\u00fcrfeln und garstigen Ziegen, Ostervorlesung 2018<\/p>\n\n\n\n<p><a href=\"https:\/\/www.youtube.com\/watch?v=rcjwbaFkAek\">Youtube-Video<\/a><br><\/p>\n","protected":false},"excerpt":{"rendered":"<p>Kindervorlesungen Wir m\u00f6chten auf die beiden Kindervorlesungen aufmerksam machen, die Prof. Dr. Harald Bauer und Prof. Dr. Annegret Weng 2017 und 2018 an der Hochschule f\u00fcr Technik und anschlie\u00dfende auch im Rahmen der Kinderuni in Heilbronn gehalten haben. Bei Interesse k\u00f6nnen wir die Vorlesung auch bei Ihnen anbieten. Beide Vorlesungen richten sich an ein Publikum [&hellip;]<\/p>\n","protected":false},"author":1,"featured_media":0,"parent":0,"menu_order":0,"comment_status":"closed","ping_status":"closed","template":"","meta":{"zakra_page_container_layout":"customizer","zakra_page_sidebar_layout":"customizer","zakra_remove_content_margin":false,"zakra_sidebar":"customizer","zakra_transparent_header":"0","zakra_logo":0,"zakra_main_header_style":"default","zakra_menu_item_color":"","zakra_menu_item_hover_color":"","zakra_menu_item_active_color":"","zakra_menu_active_style":"","zakra_page_header":true,"footnotes":""},"class_list":["post-17","page","type-page","status-publish","hentry"],"yoast_head":"<!-- This site is optimized with the Yoast SEO plugin v27.5 - https:\/\/yoast.com\/product\/yoast-seo-wordpress\/ -->\n<title>Angebote - Ziffy, der Zahlenzauberer<\/title>\n<meta name=\"robots\" content=\"index, follow, max-snippet:-1, max-image-preview:large, max-video-preview:-1\" \/>\n<link rel=\"canonical\" href=\"https:\/\/ziffy-zahlenzauberer.de\/?page_id=17\" \/>\n<meta property=\"og:locale\" content=\"de_DE\" \/>\n<meta property=\"og:type\" content=\"article\" \/>\n<meta property=\"og:title\" content=\"Angebote - Ziffy, der Zahlenzauberer\" \/>\n<meta property=\"og:description\" content=\"Kindervorlesungen Wir m\u00f6chten auf die beiden Kindervorlesungen aufmerksam machen, die Prof. Dr. Harald Bauer und Prof. Dr. Annegret Weng 2017 und 2018 an der Hochschule f\u00fcr Technik und anschlie\u00dfende auch im Rahmen der Kinderuni in Heilbronn gehalten haben. Bei Interesse k\u00f6nnen wir die Vorlesung auch bei Ihnen anbieten. Beide Vorlesungen richten sich an ein Publikum [&hellip;]\" \/>\n<meta property=\"og:url\" content=\"https:\/\/ziffy-zahlenzauberer.de\/?page_id=17\" \/>\n<meta property=\"og:site_name\" content=\"Ziffy, der Zahlenzauberer\" \/>\n<meta property=\"article:modified_time\" content=\"2020-03-06T20:06:54+00:00\" \/>\n<meta name=\"twitter:card\" content=\"summary_large_image\" \/>\n<script type=\"application\/ld+json\" class=\"yoast-schema-graph\">{\"@context\":\"https:\\\/\\\/schema.org\",\"@graph\":[{\"@type\":\"WebPage\",\"@id\":\"https:\\\/\\\/ziffy-zahlenzauberer.de\\\/?page_id=17\",\"url\":\"https:\\\/\\\/ziffy-zahlenzauberer.de\\\/?page_id=17\",\"name\":\"Angebote - Ziffy, der Zahlenzauberer\",\"isPartOf\":{\"@id\":\"https:\\\/\\\/ziffy-zahlenzauberer.de\\\/#website\"},\"datePublished\":\"2019-05-04T15:42:33+00:00\",\"dateModified\":\"2020-03-06T20:06:54+00:00\",\"breadcrumb\":{\"@id\":\"https:\\\/\\\/ziffy-zahlenzauberer.de\\\/?page_id=17#breadcrumb\"},\"inLanguage\":\"de\",\"potentialAction\":[{\"@type\":\"ReadAction\",\"target\":[\"https:\\\/\\\/ziffy-zahlenzauberer.de\\\/?page_id=17\"]}]},{\"@type\":\"BreadcrumbList\",\"@id\":\"https:\\\/\\\/ziffy-zahlenzauberer.de\\\/?page_id=17#breadcrumb\",\"itemListElement\":[{\"@type\":\"ListItem\",\"position\":1,\"name\":\"Startseite\",\"item\":\"https:\\\/\\\/ziffy-zahlenzauberer.de\\\/\"},{\"@type\":\"ListItem\",\"position\":2,\"name\":\"Angebote\"}]},{\"@type\":\"WebSite\",\"@id\":\"https:\\\/\\\/ziffy-zahlenzauberer.de\\\/#website\",\"url\":\"https:\\\/\\\/ziffy-zahlenzauberer.de\\\/\",\"name\":\"Ziffy, der Zahlenzauberer\",\"description\":\"Mathebuch f\u00fcr Kinder\",\"publisher\":{\"@id\":\"https:\\\/\\\/ziffy-zahlenzauberer.de\\\/#organization\"},\"potentialAction\":[{\"@type\":\"SearchAction\",\"target\":{\"@type\":\"EntryPoint\",\"urlTemplate\":\"https:\\\/\\\/ziffy-zahlenzauberer.de\\\/?s={search_term_string}\"},\"query-input\":{\"@type\":\"PropertyValueSpecification\",\"valueRequired\":true,\"valueName\":\"search_term_string\"}}],\"inLanguage\":\"de\"},{\"@type\":\"Organization\",\"@id\":\"https:\\\/\\\/ziffy-zahlenzauberer.de\\\/#organization\",\"name\":\"Ziffy\",\"url\":\"https:\\\/\\\/ziffy-zahlenzauberer.de\\\/\",\"logo\":{\"@type\":\"ImageObject\",\"inLanguage\":\"de\",\"@id\":\"https:\\\/\\\/ziffy-zahlenzauberer.de\\\/#\\\/schema\\\/logo\\\/image\\\/\",\"url\":\"https:\\\/\\\/ziffy-zahlenzauberer.de\\\/wp-content\\\/uploads\\\/2019\\\/10\\\/cropped-cropped-Logo2.png\",\"contentUrl\":\"https:\\\/\\\/ziffy-zahlenzauberer.de\\\/wp-content\\\/uploads\\\/2019\\\/10\\\/cropped-cropped-Logo2.png\",\"width\":50,\"height\":88,\"caption\":\"Ziffy\"},\"image\":{\"@id\":\"https:\\\/\\\/ziffy-zahlenzauberer.de\\\/#\\\/schema\\\/logo\\\/image\\\/\"}}]}<\/script>\n<!-- \/ Yoast SEO plugin. -->","yoast_head_json":{"title":"Angebote - Ziffy, der Zahlenzauberer","robots":{"index":"index","follow":"follow","max-snippet":"max-snippet:-1","max-image-preview":"max-image-preview:large","max-video-preview":"max-video-preview:-1"},"canonical":"https:\/\/ziffy-zahlenzauberer.de\/?page_id=17","og_locale":"de_DE","og_type":"article","og_title":"Angebote - Ziffy, der Zahlenzauberer","og_description":"Kindervorlesungen Wir m\u00f6chten auf die beiden Kindervorlesungen aufmerksam machen, die Prof. Dr. Harald Bauer und Prof. Dr. Annegret Weng 2017 und 2018 an der Hochschule f\u00fcr Technik und anschlie\u00dfende auch im Rahmen der Kinderuni in Heilbronn gehalten haben. Bei Interesse k\u00f6nnen wir die Vorlesung auch bei Ihnen anbieten. Beide Vorlesungen richten sich an ein Publikum [&hellip;]","og_url":"https:\/\/ziffy-zahlenzauberer.de\/?page_id=17","og_site_name":"Ziffy, der Zahlenzauberer","article_modified_time":"2020-03-06T20:06:54+00:00","twitter_card":"summary_large_image","schema":{"@context":"https:\/\/schema.org","@graph":[{"@type":"WebPage","@id":"https:\/\/ziffy-zahlenzauberer.de\/?page_id=17","url":"https:\/\/ziffy-zahlenzauberer.de\/?page_id=17","name":"Angebote - Ziffy, der Zahlenzauberer","isPartOf":{"@id":"https:\/\/ziffy-zahlenzauberer.de\/#website"},"datePublished":"2019-05-04T15:42:33+00:00","dateModified":"2020-03-06T20:06:54+00:00","breadcrumb":{"@id":"https:\/\/ziffy-zahlenzauberer.de\/?page_id=17#breadcrumb"},"inLanguage":"de","potentialAction":[{"@type":"ReadAction","target":["https:\/\/ziffy-zahlenzauberer.de\/?page_id=17"]}]},{"@type":"BreadcrumbList","@id":"https:\/\/ziffy-zahlenzauberer.de\/?page_id=17#breadcrumb","itemListElement":[{"@type":"ListItem","position":1,"name":"Startseite","item":"https:\/\/ziffy-zahlenzauberer.de\/"},{"@type":"ListItem","position":2,"name":"Angebote"}]},{"@type":"WebSite","@id":"https:\/\/ziffy-zahlenzauberer.de\/#website","url":"https:\/\/ziffy-zahlenzauberer.de\/","name":"Ziffy, der Zahlenzauberer","description":"Mathebuch f\u00fcr Kinder","publisher":{"@id":"https:\/\/ziffy-zahlenzauberer.de\/#organization"},"potentialAction":[{"@type":"SearchAction","target":{"@type":"EntryPoint","urlTemplate":"https:\/\/ziffy-zahlenzauberer.de\/?s={search_term_string}"},"query-input":{"@type":"PropertyValueSpecification","valueRequired":true,"valueName":"search_term_string"}}],"inLanguage":"de"},{"@type":"Organization","@id":"https:\/\/ziffy-zahlenzauberer.de\/#organization","name":"Ziffy","url":"https:\/\/ziffy-zahlenzauberer.de\/","logo":{"@type":"ImageObject","inLanguage":"de","@id":"https:\/\/ziffy-zahlenzauberer.de\/#\/schema\/logo\/image\/","url":"https:\/\/ziffy-zahlenzauberer.de\/wp-content\/uploads\/2019\/10\/cropped-cropped-Logo2.png","contentUrl":"https:\/\/ziffy-zahlenzauberer.de\/wp-content\/uploads\/2019\/10\/cropped-cropped-Logo2.png","width":50,"height":88,"caption":"Ziffy"},"image":{"@id":"https:\/\/ziffy-zahlenzauberer.de\/#\/schema\/logo\/image\/"}}]}},"_links":{"self":[{"href":"https:\/\/ziffy-zahlenzauberer.de\/index.php?rest_route=\/wp\/v2\/pages\/17","targetHints":{"allow":["GET"]}}],"collection":[{"href":"https:\/\/ziffy-zahlenzauberer.de\/index.php?rest_route=\/wp\/v2\/pages"}],"about":[{"href":"https:\/\/ziffy-zahlenzauberer.de\/index.php?rest_route=\/wp\/v2\/types\/page"}],"author":[{"embeddable":true,"href":"https:\/\/ziffy-zahlenzauberer.de\/index.php?rest_route=\/wp\/v2\/users\/1"}],"replies":[{"embeddable":true,"href":"https:\/\/ziffy-zahlenzauberer.de\/index.php?rest_route=%2Fwp%2Fv2%2Fcomments&post=17"}],"version-history":[{"count":9,"href":"https:\/\/ziffy-zahlenzauberer.de\/index.php?rest_route=\/wp\/v2\/pages\/17\/revisions"}],"predecessor-version":[{"id":273,"href":"https:\/\/ziffy-zahlenzauberer.de\/index.php?rest_route=\/wp\/v2\/pages\/17\/revisions\/273"}],"wp:attachment":[{"href":"https:\/\/ziffy-zahlenzauberer.de\/index.php?rest_route=%2Fwp%2Fv2%2Fmedia&parent=17"}],"curies":[{"name":"wp","href":"https:\/\/api.w.org\/{rel}","templated":true}]}}