{"id":20,"date":"2019-05-04T15:42:33","date_gmt":"2019-05-04T15:42:33","guid":{"rendered":"https:\/\/ziffy-zahlenzauberer.de\/?page_id=20"},"modified":"2019-09-11T08:17:31","modified_gmt":"2019-09-11T08:17:31","slug":"ueber-die-autorinnen","status":"publish","type":"page","link":"https:\/\/ziffy-zahlenzauberer.de\/?page_id=20","title":{"rendered":"\u00dcber die Autorinnen"},"content":{"rendered":"\n<p class=\"has-medium-font-size\">Die geb\u00fcrtige Hanauerin <strong>Annegret Weng<\/strong> studierte Mathematik in Frankfurt, Edinburgh und Essen. Zun\u00e4chst war sie mehrere Jahre in der Wirtschaft t\u00e4tig und ist seit 2012 Professorin an der Hochschule in Stuttgart, wo sie auch mit ihrer Familie lebt.<\/p>\n\n\n\n<p class=\"has-medium-font-size\"><strong>Susanne Renger<\/strong> wuchs in einer Kleinstadt in der N\u00e4he von M\u00fcnchen auf. Sie studierte Pharmazie an der LMU in M\u00fcnchen und Gra\ufb01k-Design an einer privaten Schule. Heute lebt sie mit Mann und zwei Kindern in Stuttgart.<\/p>\n","protected":false},"excerpt":{"rendered":"<p>Die geb\u00fcrtige Hanauerin Annegret Weng studierte Mathematik in Frankfurt, Edinburgh und Essen. Zun\u00e4chst war sie mehrere Jahre in der Wirtschaft t\u00e4tig und ist seit 2012 Professorin an der Hochschule in Stuttgart, wo sie auch mit ihrer Familie lebt. Susanne Renger wuchs in einer Kleinstadt in der N\u00e4he von M\u00fcnchen auf. Sie studierte Pharmazie an der [&hellip;]<\/p>\n","protected":false},"author":1,"featured_media":0,"parent":0,"menu_order":0,"comment_status":"closed","ping_status":"closed","template":"","meta":{"zakra_page_container_layout":"customizer","zakra_page_sidebar_layout":"customizer","zakra_remove_content_margin":false,"zakra_sidebar":"customizer","zakra_transparent_header":"0","zakra_logo":0,"zakra_main_header_style":"default","zakra_menu_item_color":"","zakra_menu_item_hover_color":"","zakra_menu_item_active_color":"","zakra_menu_active_style":"","zakra_page_header":true,"footnotes":""},"class_list":["post-20","page","type-page","status-publish","hentry"],"yoast_head":"<!-- This site is optimized with the Yoast SEO plugin v27.5 - https:\/\/yoast.com\/product\/yoast-seo-wordpress\/ -->\n<title>\u00dcber die Autorinnen - Ziffy, der Zahlenzauberer<\/title>\n<meta name=\"robots\" content=\"index, follow, max-snippet:-1, max-image-preview:large, max-video-preview:-1\" \/>\n<link rel=\"canonical\" href=\"https:\/\/ziffy-zahlenzauberer.de\/?page_id=20\" \/>\n<meta property=\"og:locale\" content=\"de_DE\" \/>\n<meta property=\"og:type\" content=\"article\" \/>\n<meta property=\"og:title\" content=\"\u00dcber die Autorinnen - Ziffy, der Zahlenzauberer\" \/>\n<meta property=\"og:description\" content=\"Die geb\u00fcrtige Hanauerin Annegret Weng studierte Mathematik in Frankfurt, Edinburgh und Essen. Zun\u00e4chst war sie mehrere Jahre in der Wirtschaft t\u00e4tig und ist seit 2012 Professorin an der Hochschule in Stuttgart, wo sie auch mit ihrer Familie lebt. Susanne Renger wuchs in einer Kleinstadt in der N\u00e4he von M\u00fcnchen auf. Sie studierte Pharmazie an der [&hellip;]\" \/>\n<meta property=\"og:url\" content=\"https:\/\/ziffy-zahlenzauberer.de\/?page_id=20\" \/>\n<meta property=\"og:site_name\" content=\"Ziffy, der Zahlenzauberer\" \/>\n<meta property=\"article:modified_time\" content=\"2019-09-11T08:17:31+00:00\" \/>\n<meta name=\"twitter:card\" content=\"summary_large_image\" \/>\n<script type=\"application\/ld+json\" class=\"yoast-schema-graph\">{\"@context\":\"https:\\\/\\\/schema.org\",\"@graph\":[{\"@type\":\"WebPage\",\"@id\":\"https:\\\/\\\/ziffy-zahlenzauberer.de\\\/?page_id=20\",\"url\":\"https:\\\/\\\/ziffy-zahlenzauberer.de\\\/?page_id=20\",\"name\":\"\u00dcber die Autorinnen - Ziffy, der Zahlenzauberer\",\"isPartOf\":{\"@id\":\"https:\\\/\\\/ziffy-zahlenzauberer.de\\\/#website\"},\"datePublished\":\"2019-05-04T15:42:33+00:00\",\"dateModified\":\"2019-09-11T08:17:31+00:00\",\"breadcrumb\":{\"@id\":\"https:\\\/\\\/ziffy-zahlenzauberer.de\\\/?page_id=20#breadcrumb\"},\"inLanguage\":\"de\",\"potentialAction\":[{\"@type\":\"ReadAction\",\"target\":[\"https:\\\/\\\/ziffy-zahlenzauberer.de\\\/?page_id=20\"]}]},{\"@type\":\"BreadcrumbList\",\"@id\":\"https:\\\/\\\/ziffy-zahlenzauberer.de\\\/?page_id=20#breadcrumb\",\"itemListElement\":[{\"@type\":\"ListItem\",\"position\":1,\"name\":\"Startseite\",\"item\":\"https:\\\/\\\/ziffy-zahlenzauberer.de\\\/\"},{\"@type\":\"ListItem\",\"position\":2,\"name\":\"\u00dcber die Autorinnen\"}]},{\"@type\":\"WebSite\",\"@id\":\"https:\\\/\\\/ziffy-zahlenzauberer.de\\\/#website\",\"url\":\"https:\\\/\\\/ziffy-zahlenzauberer.de\\\/\",\"name\":\"Ziffy, der Zahlenzauberer\",\"description\":\"Mathebuch f\u00fcr Kinder\",\"publisher\":{\"@id\":\"https:\\\/\\\/ziffy-zahlenzauberer.de\\\/#organization\"},\"potentialAction\":[{\"@type\":\"SearchAction\",\"target\":{\"@type\":\"EntryPoint\",\"urlTemplate\":\"https:\\\/\\\/ziffy-zahlenzauberer.de\\\/?s={search_term_string}\"},\"query-input\":{\"@type\":\"PropertyValueSpecification\",\"valueRequired\":true,\"valueName\":\"search_term_string\"}}],\"inLanguage\":\"de\"},{\"@type\":\"Organization\",\"@id\":\"https:\\\/\\\/ziffy-zahlenzauberer.de\\\/#organization\",\"name\":\"Ziffy\",\"url\":\"https:\\\/\\\/ziffy-zahlenzauberer.de\\\/\",\"logo\":{\"@type\":\"ImageObject\",\"inLanguage\":\"de\",\"@id\":\"https:\\\/\\\/ziffy-zahlenzauberer.de\\\/#\\\/schema\\\/logo\\\/image\\\/\",\"url\":\"https:\\\/\\\/ziffy-zahlenzauberer.de\\\/wp-content\\\/uploads\\\/2019\\\/10\\\/cropped-cropped-Logo2.png\",\"contentUrl\":\"https:\\\/\\\/ziffy-zahlenzauberer.de\\\/wp-content\\\/uploads\\\/2019\\\/10\\\/cropped-cropped-Logo2.png\",\"width\":50,\"height\":88,\"caption\":\"Ziffy\"},\"image\":{\"@id\":\"https:\\\/\\\/ziffy-zahlenzauberer.de\\\/#\\\/schema\\\/logo\\\/image\\\/\"}}]}<\/script>\n<!-- \/ Yoast SEO plugin. -->","yoast_head_json":{"title":"\u00dcber die Autorinnen - Ziffy, der Zahlenzauberer","robots":{"index":"index","follow":"follow","max-snippet":"max-snippet:-1","max-image-preview":"max-image-preview:large","max-video-preview":"max-video-preview:-1"},"canonical":"https:\/\/ziffy-zahlenzauberer.de\/?page_id=20","og_locale":"de_DE","og_type":"article","og_title":"\u00dcber die Autorinnen - Ziffy, der Zahlenzauberer","og_description":"Die geb\u00fcrtige Hanauerin Annegret Weng studierte Mathematik in Frankfurt, Edinburgh und Essen. Zun\u00e4chst war sie mehrere Jahre in der Wirtschaft t\u00e4tig und ist seit 2012 Professorin an der Hochschule in Stuttgart, wo sie auch mit ihrer Familie lebt. Susanne Renger wuchs in einer Kleinstadt in der N\u00e4he von M\u00fcnchen auf. Sie studierte Pharmazie an der [&hellip;]","og_url":"https:\/\/ziffy-zahlenzauberer.de\/?page_id=20","og_site_name":"Ziffy, der Zahlenzauberer","article_modified_time":"2019-09-11T08:17:31+00:00","twitter_card":"summary_large_image","schema":{"@context":"https:\/\/schema.org","@graph":[{"@type":"WebPage","@id":"https:\/\/ziffy-zahlenzauberer.de\/?page_id=20","url":"https:\/\/ziffy-zahlenzauberer.de\/?page_id=20","name":"\u00dcber die Autorinnen - Ziffy, der Zahlenzauberer","isPartOf":{"@id":"https:\/\/ziffy-zahlenzauberer.de\/#website"},"datePublished":"2019-05-04T15:42:33+00:00","dateModified":"2019-09-11T08:17:31+00:00","breadcrumb":{"@id":"https:\/\/ziffy-zahlenzauberer.de\/?page_id=20#breadcrumb"},"inLanguage":"de","potentialAction":[{"@type":"ReadAction","target":["https:\/\/ziffy-zahlenzauberer.de\/?page_id=20"]}]},{"@type":"BreadcrumbList","@id":"https:\/\/ziffy-zahlenzauberer.de\/?page_id=20#breadcrumb","itemListElement":[{"@type":"ListItem","position":1,"name":"Startseite","item":"https:\/\/ziffy-zahlenzauberer.de\/"},{"@type":"ListItem","position":2,"name":"\u00dcber die Autorinnen"}]},{"@type":"WebSite","@id":"https:\/\/ziffy-zahlenzauberer.de\/#website","url":"https:\/\/ziffy-zahlenzauberer.de\/","name":"Ziffy, der Zahlenzauberer","description":"Mathebuch f\u00fcr Kinder","publisher":{"@id":"https:\/\/ziffy-zahlenzauberer.de\/#organization"},"potentialAction":[{"@type":"SearchAction","target":{"@type":"EntryPoint","urlTemplate":"https:\/\/ziffy-zahlenzauberer.de\/?s={search_term_string}"},"query-input":{"@type":"PropertyValueSpecification","valueRequired":true,"valueName":"search_term_string"}}],"inLanguage":"de"},{"@type":"Organization","@id":"https:\/\/ziffy-zahlenzauberer.de\/#organization","name":"Ziffy","url":"https:\/\/ziffy-zahlenzauberer.de\/","logo":{"@type":"ImageObject","inLanguage":"de","@id":"https:\/\/ziffy-zahlenzauberer.de\/#\/schema\/logo\/image\/","url":"https:\/\/ziffy-zahlenzauberer.de\/wp-content\/uploads\/2019\/10\/cropped-cropped-Logo2.png","contentUrl":"https:\/\/ziffy-zahlenzauberer.de\/wp-content\/uploads\/2019\/10\/cropped-cropped-Logo2.png","width":50,"height":88,"caption":"Ziffy"},"image":{"@id":"https:\/\/ziffy-zahlenzauberer.de\/#\/schema\/logo\/image\/"}}]}},"_links":{"self":[{"href":"https:\/\/ziffy-zahlenzauberer.de\/index.php?rest_route=\/wp\/v2\/pages\/20","targetHints":{"allow":["GET"]}}],"collection":[{"href":"https:\/\/ziffy-zahlenzauberer.de\/index.php?rest_route=\/wp\/v2\/pages"}],"about":[{"href":"https:\/\/ziffy-zahlenzauberer.de\/index.php?rest_route=\/wp\/v2\/types\/page"}],"author":[{"embeddable":true,"href":"https:\/\/ziffy-zahlenzauberer.de\/index.php?rest_route=\/wp\/v2\/users\/1"}],"replies":[{"embeddable":true,"href":"https:\/\/ziffy-zahlenzauberer.de\/index.php?rest_route=%2Fwp%2Fv2%2Fcomments&post=20"}],"version-history":[{"count":5,"href":"https:\/\/ziffy-zahlenzauberer.de\/index.php?rest_route=\/wp\/v2\/pages\/20\/revisions"}],"predecessor-version":[{"id":174,"href":"https:\/\/ziffy-zahlenzauberer.de\/index.php?rest_route=\/wp\/v2\/pages\/20\/revisions\/174"}],"wp:attachment":[{"href":"https:\/\/ziffy-zahlenzauberer.de\/index.php?rest_route=%2Fwp%2Fv2%2Fmedia&parent=20"}],"curies":[{"name":"wp","href":"https:\/\/api.w.org\/{rel}","templated":true}]}}