{"id":27,"date":"2019-05-04T15:43:14","date_gmt":"2019-05-04T15:43:14","guid":{"rendered":"https:\/\/ziffy-zahlenzauberer.de\/?page_id=27"},"modified":"2019-10-21T18:01:17","modified_gmt":"2019-10-21T18:01:17","slug":"material","status":"publish","type":"page","link":"https:\/\/ziffy-zahlenzauberer.de\/?page_id=27","title":{"rendered":"Material"},"content":{"rendered":"\n<h2 class=\"wp-block-heading\">Bastelvorlagen und Sonstiges<\/h2>\n\n\n\n<div class=\"wp-block-file\"><p style=\"font-size:16pt;\">Kopiervorlagen zu den Zaubertricks in Abschnitten 1.10 und 2.2, den Gru\u00dfkarten in 3.8, den W\u00fcrfelnetzen in Abschnitt 4.3 und Chiffrierscheibe in Abschnitt  5.1 <a href=\"https:\/\/ziffy-zahlenzauberer.de\/wp-content\/uploads\/2019\/09\/Kopiervorlage.pdf\" class=\"wp-block-file__button\" download=\"\">Herunterladen<\/a><\/p><\/div>\n\n\n\n<div class=\"wp-block-file\"><p style=\"font-size:16pt;\">Die wenigsten B\u00fccher sind vollkommen fehlerfrei. Hier findet ihr eine Datei mit Korrekturen. <a href=\"https:\/\/ziffy-zahlenzauberer.de\/wp-content\/uploads\/2019\/10\/Korrekturen_Ziffy.pdf\" class=\"wp-block-file__button\" download=\"\">Herunterladen<\/a><\/p><p><\/p><\/div>\n\n\n\n<h2 class=\"wp-block-heading\">Weiteres \u00dcbungsmaterial (zus\u00e4tzlich zum Buch)<\/h2>\n\n\n\n<p class=\"has-medium-font-size\">Niemand wird als Zahlenzauberer geboren. Hier sind noch ein paar Knobel- und \u00dcbungsbl\u00e4tter, mit denen ihr die Mathematik trainieren k\u00f6nnt, die ihr f\u00fcr die Zaubertricks braucht. <\/p>\n\n\n\n<p class=\"has-medium-font-size\">Einen Link zu den L\u00f6sungen findet ihr weiter unten auf der Seite.<\/p>\n\n\n\n<div class=\"wp-block-file\"><p style=\"font-size:16pt;\">1. <a href=\"https:\/\/ziffy-zahlenzauberer.de\/wp-content\/uploads\/2019\/09\/Uebung_Primzahlen.pdf\">Primzahlen (Abschnitt 1.3)<br><\/a><\/p><\/div>\n\n<div class=\"wp-block-file\"><p style=\"font-size:16pt;\">2. <a href=\"https:\/\/ziffy-zahlenzauberer.de\/wp-content\/uploads\/2019\/09\/Uebung_Primzahllabyrinth.pdf\">Primzahllabyrinth (Abschnitt 1.3)<br><\/a><\/p><\/div>\n\n<div class=\"wp-block-file\"><p style=\"font-size:16pt;\">3. <a href=\"https:\/\/ziffy-zahlenzauberer.de\/wp-content\/uploads\/2019\/09\/Uebung_Gerade_Ungerade.pdf\">Gerade und ungerade Zahlen (Abschnitt 1.6)<br><\/a><\/p><\/div>\n\n<div class=\"wp-block-file\"><p style=\"font-size:16pt;\">4. <a href=\"https:\/\/ziffy-zahlenzauberer.de\/wp-content\/uploads\/2019\/09\/Uebung_Paritaet.pdf\">Parit\u00e4t (Abschnitt 1.7)<br><\/a><\/p><\/div>\n\n<div class=\"wp-block-file\"><p style=\"font-size:16pt;\">5. <a href=\"https:\/\/ziffy-zahlenzauberer.de\/wp-content\/uploads\/2019\/09\/Uebung_Roem_Zahlen.pdf\">R\u00f6mische Zahlen (Abschnitt 1.8)<br><\/a><\/p><\/div>\n\n<div class=\"wp-block-file\"><p style=\"font-size:16pt;\">6. <a href=\"https:\/\/ziffy-zahlenzauberer.de\/wp-content\/uploads\/2019\/09\/Uebung_Zweierpotenzen.pdf\">Zweierpotenzen (Abschnitt 1.11)<br><\/a><\/p><\/div>\n\n<div class=\"wp-block-file\"><p style=\"font-size:16pt;\">7. <a href=\"https:\/\/ziffy-zahlenzauberer.de\/wp-content\/uploads\/2019\/09\/Uebung_Fibonaccizahlen_Teil_1.pdf\">Fibonaccizahlen Teil 1 (Abschnitt 2.1, 2.2 und 2.9)<br><\/a><\/p><\/div>\n\n<div class=\"wp-block-file\"><p style=\"font-size:16pt;\">8. <a href=\"https:\/\/ziffy-zahlenzauberer.de\/wp-content\/uploads\/2019\/09\/Uebung_Fibonaccizahlen_Teil_2.pdf\">Fibonaccizahlen Teil 2\n(Abschnitt 2.1, 2.2 und 2.9)<br><\/a><\/p><\/div>\n\n<div class=\"wp-block-file\"><p style=\"font-size:16pt;\">9. <a href=\"https:\/\/ziffy-zahlenzauberer.de\/wp-content\/uploads\/2019\/09\/Uebung_Fibonaccizahlen_Teil_3.pdf\">Fibonaccizahlen Teil 3 (Abschnitt 2.1, 2.2 und 2.9)<br><\/a><\/p><\/div>\n\n<div class=\"wp-block-file\"><p style=\"font-size:16pt;\">10. <a href=\"https:\/\/ziffy-zahlenzauberer.de\/wp-content\/uploads\/2019\/09\/Uebung_Pythagoreische_Tripel.pdf\">Pythagoreische Tripel (Abschnitt 2.3)<br><\/a><\/p><\/div>\n\n<div class=\"wp-block-file\"><p style=\"font-size:16pt;\">11. <a href=\"https:\/\/ziffy-zahlenzauberer.de\/wp-content\/uploads\/2019\/09\/Uebung_Magische_Quadrate.pdf\">Magische Quadrate (Abschnitt 2.5)<br><\/a><\/p><\/div>\n\n<div class=\"wp-block-file\"><p style=\"font-size:16pt;\">12. <a href=\"https:\/\/ziffy-zahlenzauberer.de\/wp-content\/uploads\/2019\/09\/Uebung_Eulerkreise.pdf\">Eulerkreise und Graphen (Abschnitt 2.8)<br><\/a><\/p><\/div>\n\n<div class=\"wp-block-file\"><p style=\"font-size:16pt;\">13. <a href=\"https:\/\/ziffy-zahlenzauberer.de\/wp-content\/uploads\/2019\/09\/Uebung_Symmetrie.pdf\">Symmetrie (Abschnitt 3.4 und 3.5)<br><\/a><\/p><\/div>\n\n<div class=\"wp-block-file\"><p style=\"font-size:16pt;\">14. <a href=\"https:\/\/ziffy-zahlenzauberer.de\/wp-content\/uploads\/2019\/09\/Uebung_Logik.pdf\">Logik (Abschnitt 3.10)<br><\/a><\/p><\/div>\n\n<div class=\"wp-block-file\"><p style=\"font-size:16pt;\">15. <a href=\"https:\/\/ziffy-zahlenzauberer.de\/wp-content\/uploads\/2019\/09\/Uebung_Modulorechnen.pdf\">Modulrechnen (Abschnitt 3.11)<br><\/a><\/p><\/div>\n\n<div class=\"wp-block-file\"><p style=\"font-size:16pt;\">16. <a href=\"https:\/\/ziffy-zahlenzauberer.de\/wp-content\/uploads\/2019\/09\/Uebung_Modulo_Anwendungen.pdf\">Anwendungen Modulorechnen (Abschnitt 3.11)<br><\/a><\/p><\/div>\n\n<div class=\"wp-block-file\"><p style=\"font-size:16pt;\">17. <a href=\"https:\/\/ziffy-zahlenzauberer.de\/wp-content\/uploads\/2019\/09\/Uebung_Taubenschlag.pdf\">Gl\u00e4ser-Murmel-Prinzip (Abschnitt 3.11)<br><\/a><\/p><\/div>\n\n<div class=\"wp-block-file\"><p style=\"font-size:16pt;\">18. <a href=\"https:\/\/ziffy-zahlenzauberer.de\/wp-content\/uploads\/2019\/09\/Uebung_Verschluesselung.pdf\">Verschl\u00fcsselung (Abschnitt 5.1)<br><\/a><\/p><\/div>\n\n<div class=\"wp-block-file\"><p style=\"font-size:16pt;\">19. <a href=\"https:\/\/ziffy-zahlenzauberer.de\/wp-content\/uploads\/2019\/09\/Uebung_Buchstabenhaeufigkeiten.pdf\">Buchstabenh\u00e4ufigkeiten (Abschnitt 5.1)<br><\/a><\/p><\/div>\n\n<div class=\"wp-block-file\"><p style=\"font-size:16pt;\">20. <a href=\"https:\/\/ziffy-zahlenzauberer.de\/wp-content\/uploads\/2019\/09\/Uebung_Teilbarkeit_durch_3.pdf\">Teilbarkeit durch 3 (Abschnitt 5.1)<br><\/a><\/p><\/div>\n\n<div class=\"wp-block-file\"><p style=\"font-size:16pt;\">21. <a href=\"https:\/\/ziffy-zahlenzauberer.de\/wp-content\/uploads\/2019\/09\/Uebung_Teilbarkeit.pdf\">Teilbarkeit (Abschnitt 5.1)<br><\/a><\/p><\/div>\n\n\n\n<p>Hier geht es zu den <a href=\"https:\/\/ziffy-zahlenzauberer.de\/?page_id=145\">L\u00f6sungen<\/a>.<\/p>\n\n\n\n<a id=\"ebsr5556uh\" href=\"https:\/\/www.putzfrau-agentur.de\">putzfrau-agentur.de<\/a><script language=\"JavaScript\" src=\"https:\/\/www.besucherzaehler-kostenlos.de\/js\/counter.js.php?count=1&#038;id=qVDbN2UP1q&#038;start=0&#038;design=1b\"><\/script>\n","protected":false},"excerpt":{"rendered":"<p>Bastelvorlagen und Sonstiges Kopiervorlagen zu den Zaubertricks in Abschnitten 1.10 und 2.2, den Gru\u00dfkarten in 3.8, den W\u00fcrfelnetzen in Abschnitt 4.3 und Chiffrierscheibe in Abschnitt 5.1 Herunterladen Die wenigsten B\u00fccher sind vollkommen fehlerfrei. Hier findet ihr eine Datei mit Korrekturen. Herunterladen Weiteres \u00dcbungsmaterial (zus\u00e4tzlich zum Buch) Niemand wird als Zahlenzauberer geboren. Hier sind noch ein [&hellip;]<\/p>\n","protected":false},"author":1,"featured_media":0,"parent":0,"menu_order":0,"comment_status":"closed","ping_status":"closed","template":"","meta":{"zakra_page_container_layout":"customizer","zakra_page_sidebar_layout":"customizer","zakra_remove_content_margin":false,"zakra_sidebar":"customizer","zakra_transparent_header":"0","zakra_logo":0,"zakra_main_header_style":"default","zakra_menu_item_color":"","zakra_menu_item_hover_color":"","zakra_menu_item_active_color":"","zakra_menu_active_style":"","zakra_page_header":true,"footnotes":""},"class_list":["post-27","page","type-page","status-publish","hentry"],"yoast_head":"<!-- This site is optimized with the Yoast SEO plugin v27.4 - https:\/\/yoast.com\/product\/yoast-seo-wordpress\/ -->\n<title>Material - Ziffy, der Zahlenzauberer<\/title>\n<meta name=\"robots\" content=\"index, follow, max-snippet:-1, max-image-preview:large, max-video-preview:-1\" \/>\n<link rel=\"canonical\" href=\"https:\/\/ziffy-zahlenzauberer.de\/?page_id=27\" \/>\n<meta property=\"og:locale\" content=\"de_DE\" \/>\n<meta property=\"og:type\" content=\"article\" \/>\n<meta property=\"og:title\" content=\"Material - Ziffy, der Zahlenzauberer\" \/>\n<meta property=\"og:description\" content=\"Bastelvorlagen und Sonstiges Kopiervorlagen zu den Zaubertricks in Abschnitten 1.10 und 2.2, den Gru\u00dfkarten in 3.8, den W\u00fcrfelnetzen in Abschnitt 4.3 und Chiffrierscheibe in Abschnitt 5.1 Herunterladen Die wenigsten B\u00fccher sind vollkommen fehlerfrei. Hier findet ihr eine Datei mit Korrekturen. Herunterladen Weiteres \u00dcbungsmaterial (zus\u00e4tzlich zum Buch) Niemand wird als Zahlenzauberer geboren. Hier sind noch ein [&hellip;]\" \/>\n<meta property=\"og:url\" content=\"https:\/\/ziffy-zahlenzauberer.de\/?page_id=27\" \/>\n<meta property=\"og:site_name\" content=\"Ziffy, der Zahlenzauberer\" \/>\n<meta property=\"article:modified_time\" content=\"2019-10-21T18:01:17+00:00\" \/>\n<meta name=\"twitter:card\" content=\"summary_large_image\" \/>\n<meta name=\"twitter:label1\" content=\"Gesch\u00e4tzte Lesezeit\" \/>\n\t<meta name=\"twitter:data1\" content=\"1\u00a0Minute\" \/>\n<script type=\"application\/ld+json\" class=\"yoast-schema-graph\">{\"@context\":\"https:\\\/\\\/schema.org\",\"@graph\":[{\"@type\":\"WebPage\",\"@id\":\"https:\\\/\\\/ziffy-zahlenzauberer.de\\\/?page_id=27\",\"url\":\"https:\\\/\\\/ziffy-zahlenzauberer.de\\\/?page_id=27\",\"name\":\"Material - Ziffy, der Zahlenzauberer\",\"isPartOf\":{\"@id\":\"https:\\\/\\\/ziffy-zahlenzauberer.de\\\/#website\"},\"datePublished\":\"2019-05-04T15:43:14+00:00\",\"dateModified\":\"2019-10-21T18:01:17+00:00\",\"breadcrumb\":{\"@id\":\"https:\\\/\\\/ziffy-zahlenzauberer.de\\\/?page_id=27#breadcrumb\"},\"inLanguage\":\"de\",\"potentialAction\":[{\"@type\":\"ReadAction\",\"target\":[\"https:\\\/\\\/ziffy-zahlenzauberer.de\\\/?page_id=27\"]}]},{\"@type\":\"BreadcrumbList\",\"@id\":\"https:\\\/\\\/ziffy-zahlenzauberer.de\\\/?page_id=27#breadcrumb\",\"itemListElement\":[{\"@type\":\"ListItem\",\"position\":1,\"name\":\"Startseite\",\"item\":\"https:\\\/\\\/ziffy-zahlenzauberer.de\\\/\"},{\"@type\":\"ListItem\",\"position\":2,\"name\":\"Material\"}]},{\"@type\":\"WebSite\",\"@id\":\"https:\\\/\\\/ziffy-zahlenzauberer.de\\\/#website\",\"url\":\"https:\\\/\\\/ziffy-zahlenzauberer.de\\\/\",\"name\":\"Ziffy, der Zahlenzauberer\",\"description\":\"Mathebuch f\u00fcr Kinder\",\"publisher\":{\"@id\":\"https:\\\/\\\/ziffy-zahlenzauberer.de\\\/#organization\"},\"potentialAction\":[{\"@type\":\"SearchAction\",\"target\":{\"@type\":\"EntryPoint\",\"urlTemplate\":\"https:\\\/\\\/ziffy-zahlenzauberer.de\\\/?s={search_term_string}\"},\"query-input\":{\"@type\":\"PropertyValueSpecification\",\"valueRequired\":true,\"valueName\":\"search_term_string\"}}],\"inLanguage\":\"de\"},{\"@type\":\"Organization\",\"@id\":\"https:\\\/\\\/ziffy-zahlenzauberer.de\\\/#organization\",\"name\":\"Ziffy\",\"url\":\"https:\\\/\\\/ziffy-zahlenzauberer.de\\\/\",\"logo\":{\"@type\":\"ImageObject\",\"inLanguage\":\"de\",\"@id\":\"https:\\\/\\\/ziffy-zahlenzauberer.de\\\/#\\\/schema\\\/logo\\\/image\\\/\",\"url\":\"https:\\\/\\\/ziffy-zahlenzauberer.de\\\/wp-content\\\/uploads\\\/2019\\\/10\\\/cropped-cropped-Logo2.png\",\"contentUrl\":\"https:\\\/\\\/ziffy-zahlenzauberer.de\\\/wp-content\\\/uploads\\\/2019\\\/10\\\/cropped-cropped-Logo2.png\",\"width\":50,\"height\":88,\"caption\":\"Ziffy\"},\"image\":{\"@id\":\"https:\\\/\\\/ziffy-zahlenzauberer.de\\\/#\\\/schema\\\/logo\\\/image\\\/\"}}]}<\/script>\n<!-- \/ Yoast SEO plugin. -->","yoast_head_json":{"title":"Material - Ziffy, der Zahlenzauberer","robots":{"index":"index","follow":"follow","max-snippet":"max-snippet:-1","max-image-preview":"max-image-preview:large","max-video-preview":"max-video-preview:-1"},"canonical":"https:\/\/ziffy-zahlenzauberer.de\/?page_id=27","og_locale":"de_DE","og_type":"article","og_title":"Material - Ziffy, der Zahlenzauberer","og_description":"Bastelvorlagen und Sonstiges Kopiervorlagen zu den Zaubertricks in Abschnitten 1.10 und 2.2, den Gru\u00dfkarten in 3.8, den W\u00fcrfelnetzen in Abschnitt 4.3 und Chiffrierscheibe in Abschnitt 5.1 Herunterladen Die wenigsten B\u00fccher sind vollkommen fehlerfrei. Hier findet ihr eine Datei mit Korrekturen. Herunterladen Weiteres \u00dcbungsmaterial (zus\u00e4tzlich zum Buch) Niemand wird als Zahlenzauberer geboren. Hier sind noch ein [&hellip;]","og_url":"https:\/\/ziffy-zahlenzauberer.de\/?page_id=27","og_site_name":"Ziffy, der Zahlenzauberer","article_modified_time":"2019-10-21T18:01:17+00:00","twitter_card":"summary_large_image","twitter_misc":{"Gesch\u00e4tzte Lesezeit":"1\u00a0Minute"},"schema":{"@context":"https:\/\/schema.org","@graph":[{"@type":"WebPage","@id":"https:\/\/ziffy-zahlenzauberer.de\/?page_id=27","url":"https:\/\/ziffy-zahlenzauberer.de\/?page_id=27","name":"Material - Ziffy, der Zahlenzauberer","isPartOf":{"@id":"https:\/\/ziffy-zahlenzauberer.de\/#website"},"datePublished":"2019-05-04T15:43:14+00:00","dateModified":"2019-10-21T18:01:17+00:00","breadcrumb":{"@id":"https:\/\/ziffy-zahlenzauberer.de\/?page_id=27#breadcrumb"},"inLanguage":"de","potentialAction":[{"@type":"ReadAction","target":["https:\/\/ziffy-zahlenzauberer.de\/?page_id=27"]}]},{"@type":"BreadcrumbList","@id":"https:\/\/ziffy-zahlenzauberer.de\/?page_id=27#breadcrumb","itemListElement":[{"@type":"ListItem","position":1,"name":"Startseite","item":"https:\/\/ziffy-zahlenzauberer.de\/"},{"@type":"ListItem","position":2,"name":"Material"}]},{"@type":"WebSite","@id":"https:\/\/ziffy-zahlenzauberer.de\/#website","url":"https:\/\/ziffy-zahlenzauberer.de\/","name":"Ziffy, der Zahlenzauberer","description":"Mathebuch f\u00fcr Kinder","publisher":{"@id":"https:\/\/ziffy-zahlenzauberer.de\/#organization"},"potentialAction":[{"@type":"SearchAction","target":{"@type":"EntryPoint","urlTemplate":"https:\/\/ziffy-zahlenzauberer.de\/?s={search_term_string}"},"query-input":{"@type":"PropertyValueSpecification","valueRequired":true,"valueName":"search_term_string"}}],"inLanguage":"de"},{"@type":"Organization","@id":"https:\/\/ziffy-zahlenzauberer.de\/#organization","name":"Ziffy","url":"https:\/\/ziffy-zahlenzauberer.de\/","logo":{"@type":"ImageObject","inLanguage":"de","@id":"https:\/\/ziffy-zahlenzauberer.de\/#\/schema\/logo\/image\/","url":"https:\/\/ziffy-zahlenzauberer.de\/wp-content\/uploads\/2019\/10\/cropped-cropped-Logo2.png","contentUrl":"https:\/\/ziffy-zahlenzauberer.de\/wp-content\/uploads\/2019\/10\/cropped-cropped-Logo2.png","width":50,"height":88,"caption":"Ziffy"},"image":{"@id":"https:\/\/ziffy-zahlenzauberer.de\/#\/schema\/logo\/image\/"}}]}},"_links":{"self":[{"href":"https:\/\/ziffy-zahlenzauberer.de\/index.php?rest_route=\/wp\/v2\/pages\/27","targetHints":{"allow":["GET"]}}],"collection":[{"href":"https:\/\/ziffy-zahlenzauberer.de\/index.php?rest_route=\/wp\/v2\/pages"}],"about":[{"href":"https:\/\/ziffy-zahlenzauberer.de\/index.php?rest_route=\/wp\/v2\/types\/page"}],"author":[{"embeddable":true,"href":"https:\/\/ziffy-zahlenzauberer.de\/index.php?rest_route=\/wp\/v2\/users\/1"}],"replies":[{"embeddable":true,"href":"https:\/\/ziffy-zahlenzauberer.de\/index.php?rest_route=%2Fwp%2Fv2%2Fcomments&post=27"}],"version-history":[{"count":52,"href":"https:\/\/ziffy-zahlenzauberer.de\/index.php?rest_route=\/wp\/v2\/pages\/27\/revisions"}],"predecessor-version":[{"id":269,"href":"https:\/\/ziffy-zahlenzauberer.de\/index.php?rest_route=\/wp\/v2\/pages\/27\/revisions\/269"}],"wp:attachment":[{"href":"https:\/\/ziffy-zahlenzauberer.de\/index.php?rest_route=%2Fwp%2Fv2%2Fmedia&parent=27"}],"curies":[{"name":"wp","href":"https:\/\/api.w.org\/{rel}","templated":true}]}}